{"id":13097,"date":"2023-03-15T14:14:39","date_gmt":"2023-03-15T14:14:39","guid":{"rendered":"https:\/\/greenfinance-capital.com\/sustainable-investment-opportunities\/"},"modified":"2025-10-28T13:34:22","modified_gmt":"2025-10-28T13:34:22","slug":"sustainable-investment-opportunities","status":"publish","type":"page","link":"https:\/\/greenfinance-capital.com\/en\/sustainable-investment-opportunities\/","title":{"rendered":"Sustainable investment opportunities"},"content":{"rendered":"\t\t<div data-elementor-type=\"wp-page\" data-elementor-id=\"13097\" class=\"elementor elementor-13097 elementor-10022\" data-elementor-post-type=\"page\">\n\t\t\t\t\t\t<section class=\"elementor-section elementor-top-section elementor-element elementor-element-bad1bfb elementor-section-height-min-height elementor-section-boxed elementor-section-height-default elementor-section-items-middle\" data-id=\"bad1bfb\" data-element_type=\"section\" data-settings=\"{&quot;background_background&quot;:&quot;classic&quot;,&quot;shape_divider_bottom_negative&quot;:&quot;yes&quot;,&quot;shape_divider_bottom&quot;:&quot;curve&quot;}\">\n\t\t\t\t\t\t\t<div class=\"elementor-background-overlay\"><\/div>\n\t\t\t\t\t\t<div class=\"elementor-shape elementor-shape-bottom\" aria-hidden=\"true\" data-negative=\"true\">\n\t\t\t<svg xmlns=\"http:\/\/www.w3.org\/2000\/svg\" viewBox=\"0 0 1000 100\" preserveAspectRatio=\"none\">\n\t<path class=\"elementor-shape-fill\" d=\"M500,97C126.7,96.3,0.8,19.8,0,0v100l1000,0V1C1000,19.4,873.3,97.8,500,97z\"\/>\n<\/svg>\t\t<\/div>\n\t\t\t\t\t<div class=\"elementor-container elementor-column-gap-default\">\n\t\t\t\t\t<div class=\"elementor-column elementor-col-100 elementor-top-column elementor-element elementor-element-796197f\" data-id=\"796197f\" data-element_type=\"column\">\n\t\t\t<div class=\"elementor-widget-wrap elementor-element-populated\">\n\t\t\t\t\t\t<div class=\"elementor-element elementor-element-e51e318 elementor-widget elementor-widget-heading\" data-id=\"e51e318\" data-element_type=\"widget\" data-widget_type=\"heading.default\">\n\t\t\t\t<div class=\"elementor-widget-container\">\n\t\t\t\t\t<h1 class=\"elementor-heading-title elementor-size-default\">Investment<\/h1>\t\t\t\t<\/div>\n\t\t\t\t<\/div>\n\t\t\t\t\t<\/div>\n\t\t<\/div>\n\t\t\t\t\t<\/div>\n\t\t<\/section>\n\t\t\t\t<section class=\"elementor-section elementor-top-section elementor-element elementor-element-1e45496 elementor-section-height-full elementor-section-items-top elementor-section-boxed elementor-section-height-default\" data-id=\"1e45496\" data-element_type=\"section\">\n\t\t\t\t\t\t<div class=\"elementor-container elementor-column-gap-default\">\n\t\t\t\t\t<div class=\"elementor-column elementor-col-100 elementor-top-column elementor-element elementor-element-2dd4851\" data-id=\"2dd4851\" data-element_type=\"column\">\n\t\t\t<div class=\"elementor-widget-wrap elementor-element-populated\">\n\t\t\t\t\t\t<div class=\"elementor-element elementor-element-3b9019a elementor-widget elementor-widget-heading\" data-id=\"3b9019a\" data-element_type=\"widget\" data-widget_type=\"heading.default\">\n\t\t\t\t<div class=\"elementor-widget-container\">\n\t\t\t\t\t<h5 class=\"elementor-heading-title elementor-size-default\">Green Finance Capital AG<\/h5>\t\t\t\t<\/div>\n\t\t\t\t<\/div>\n\t\t\t\t<div class=\"elementor-element elementor-element-f8be36e elementor-widget-divider--view-line elementor-widget elementor-widget-divider\" data-id=\"f8be36e\" data-element_type=\"widget\" data-widget_type=\"divider.default\">\n\t\t\t\t<div class=\"elementor-widget-container\">\n\t\t\t\t\t\t\t<div class=\"elementor-divider\">\n\t\t\t<span class=\"elementor-divider-separator\">\n\t\t\t\t\t\t<\/span>\n\t\t<\/div>\n\t\t\t\t\t\t<\/div>\n\t\t\t\t<\/div>\n\t\t\t\t<div class=\"elementor-element elementor-element-5b544d2 elementor-widget elementor-widget-heading\" data-id=\"5b544d2\" data-element_type=\"widget\" data-widget_type=\"heading.default\">\n\t\t\t\t<div class=\"elementor-widget-container\">\n\t\t\t\t\t<h5 class=\"elementor-heading-title elementor-size-default\">Bekanntmachung\nzum Kapitalmarktprospekt vom 25.02.2021 (Nachtr\u00e4ge vom 13.10.2022 und 19.03.2025)<\/h5>\t\t\t\t<\/div>\n\t\t\t\t<\/div>\n\t\t\t\t<div class=\"elementor-element elementor-element-11bb995 elementor-widget elementor-widget-text-editor\" data-id=\"11bb995\" data-element_type=\"widget\" data-widget_type=\"text-editor.default\">\n\t\t\t\t<div class=\"elementor-widget-container\">\n\t\t\t\t\t\t\t\t\t<p>Die Green Finance Capital AG mit Sitz in Vaduz und der Gesch\u00e4ftsanschrift F\u00fcrst-Franz-Josef-Stra\u00dfe 68, FL-9490 Vaduz, eingetragen im Handelsregister des Amts f\u00fcr Justiz des F\u00fcrstentums Liechtenstein zu Registernummer: FL-0002.581.256-8, hat beschlossen, den Vertrieb von qualifizierten Nachrangdarlehen gem\u00e4\u00df Kapitalmarktprospekt vom 25.02.2021 (Nachtr\u00e4ge vom 13.10.2022 und 19.03.2025) endg\u00fcltig einzustellen und keine nach dem <span data-ogsb=\"yellow\">26.10.2025<\/span> abgegebenen Zeichnungs- und \u00dcbernahmeangebote mehr anzunehmen.<\/p><p>Vaduz, Oktober 2025<\/p>\t\t\t\t\t\t\t\t<\/div>\n\t\t\t\t<\/div>\n\t\t\t\t\t<\/div>\n\t\t<\/div>\n\t\t\t\t\t<\/div>\n\t\t<\/section>\n\t\t\t\t<section class=\"elementor-section elementor-top-section elementor-element elementor-element-02a9769 elementor-section-height-min-height elementor-section-full_width elementor-section-height-default elementor-section-items-middle\" data-id=\"02a9769\" data-element_type=\"section\" data-settings=\"{&quot;background_background&quot;:&quot;classic&quot;,&quot;shape_divider_top&quot;:&quot;curve&quot;}\">\n\t\t\t\t\t<div class=\"elementor-shape elementor-shape-top\" aria-hidden=\"true\" data-negative=\"false\">\n\t\t\t<svg xmlns=\"http:\/\/www.w3.org\/2000\/svg\" viewBox=\"0 0 1000 100\" preserveAspectRatio=\"none\">\n    <path class=\"elementor-shape-fill\" d=\"M1000,4.3V0H0v4.3C0.9,23.1,126.7,99.2,500,100S1000,22.7,1000,4.3z\"\/>\n<\/svg>\t\t<\/div>\n\t\t\t\t\t<div class=\"elementor-container elementor-column-gap-default\">\n\t\t\t\t\t<div class=\"elementor-column elementor-col-100 elementor-top-column elementor-element elementor-element-5a3291f\" data-id=\"5a3291f\" data-element_type=\"column\">\n\t\t\t<div class=\"elementor-widget-wrap elementor-element-populated\">\n\t\t\t\t\t\t<div class=\"elementor-element elementor-element-302fe99d elementor-view-default elementor-widget elementor-widget-icon\" data-id=\"302fe99d\" data-element_type=\"widget\" data-widget_type=\"icon.default\">\n\t\t\t\t<div class=\"elementor-widget-container\">\n\t\t\t\t\t\t\t<div class=\"elementor-icon-wrapper\">\n\t\t\t<a class=\"elementor-icon\" href=\"#top\">\n\t\t\t<i aria-hidden=\"true\" class=\"fas fa-angle-double-up\"><\/i>\t\t\t<\/a>\n\t\t<\/div>\n\t\t\t\t\t\t<\/div>\n\t\t\t\t<\/div>\n\t\t\t\t\t<\/div>\n\t\t<\/div>\n\t\t\t\t\t<\/div>\n\t\t<\/section>\n\t\t\t\t<\/div>\n\t\t","protected":false},"excerpt":{"rendered":"<p>Investment Green Finance Capital AG Bekanntmachung zum Kapitalmarktprospekt vom 25.02.2021 (Nachtr\u00e4ge vom 13.10.2022 und 19.03.2025) Die Green Finance Capital AG mit Sitz in Vaduz und der Gesch\u00e4ftsanschrift F\u00fcrst-Franz-Josef-Stra\u00dfe 68, FL-9490 Vaduz, eingetragen im Handelsregister des Amts f\u00fcr Justiz des F\u00fcrstentums Liechtenstein zu Registernummer: FL-0002.581.256-8, hat beschlossen, den Vertrieb von qualifizierten Nachrangdarlehen gem\u00e4\u00df Kapitalmarktprospekt vom 25.02.2021 [&hellip;]<\/p>\n","protected":false},"author":3,"featured_media":0,"parent":0,"menu_order":0,"comment_status":"closed","ping_status":"closed","template":"","meta":{"inline_featured_image":false,"footnotes":""},"class_list":["post-13097","page","type-page","status-publish","hentry"],"yoast_head":"<!-- This site is optimized with the Yoast SEO plugin v26.1 - https:\/\/yoast.com\/wordpress\/plugins\/seo\/ -->\n<title>Sustainable investment opportunities - Green Finance Capital AG<\/title>\n<meta name=\"description\" content=\"Sustainable investment opportunities that match the pulse of the times and are associated with opportunities and risks.\" \/>\n<meta name=\"robots\" content=\"index, follow, max-snippet:-1, max-image-preview:large, max-video-preview:-1\" \/>\n<link rel=\"canonical\" href=\"https:\/\/greenfinance-capital.com\/en\/sustainable-investment-opportunities\/\" \/>\n<meta property=\"og:locale\" content=\"en_US\" \/>\n<meta property=\"og:type\" content=\"article\" \/>\n<meta property=\"og:title\" content=\"Sustainable investment opportunities - Green Finance Capital AG\" \/>\n<meta property=\"og:description\" content=\"Sustainable investment opportunities that match the pulse of the times and are associated with opportunities and risks.\" \/>\n<meta property=\"og:url\" content=\"https:\/\/greenfinance-capital.com\/en\/sustainable-investment-opportunities\/\" \/>\n<meta property=\"og:site_name\" content=\"Green Finance Capital AG\" \/>\n<meta property=\"article:modified_time\" content=\"2025-10-28T13:34:22+00:00\" \/>\n<meta name=\"twitter:card\" content=\"summary_large_image\" \/>\n<meta name=\"twitter:label1\" content=\"Est. reading time\" \/>\n\t<meta name=\"twitter:data1\" content=\"1 minute\" \/>\n<script type=\"application\/ld+json\" class=\"yoast-schema-graph\">{\"@context\":\"https:\/\/schema.org\",\"@graph\":[{\"@type\":\"WebPage\",\"@id\":\"https:\/\/greenfinance-capital.com\/en\/sustainable-investment-opportunities\/\",\"url\":\"https:\/\/greenfinance-capital.com\/en\/sustainable-investment-opportunities\/\",\"name\":\"Sustainable investment opportunities - Green Finance Capital AG\",\"isPartOf\":{\"@id\":\"https:\/\/greenfinance-capital.com\/#website\"},\"datePublished\":\"2023-03-15T14:14:39+00:00\",\"dateModified\":\"2025-10-28T13:34:22+00:00\",\"description\":\"Sustainable investment opportunities that match the pulse of the times and are associated with opportunities and risks.\",\"inLanguage\":\"en-US\",\"potentialAction\":[{\"@type\":\"ReadAction\",\"target\":[\"https:\/\/greenfinance-capital.com\/en\/sustainable-investment-opportunities\/\"]}]},{\"@type\":\"WebSite\",\"@id\":\"https:\/\/greenfinance-capital.com\/#website\",\"url\":\"https:\/\/greenfinance-capital.com\/\",\"name\":\"Green Finance Capital AG\",\"description\":\"Die Green Finance Capital AG bildet in ihrer Funktion als Management-, Verwaltungs- und Beratungsorgan den soliden Kern der wirtschaftlichen T\u00e4tigkeit rund um die Gesch\u00e4ftsfelder Immobilien, Kapitalanlagen, Finanzierungen, Erneuerbare Energie und Unternehmensberatung.\",\"publisher\":{\"@id\":\"https:\/\/greenfinance-capital.com\/#organization\"},\"potentialAction\":[{\"@type\":\"SearchAction\",\"target\":{\"@type\":\"EntryPoint\",\"urlTemplate\":\"https:\/\/greenfinance-capital.com\/?s={search_term_string}\"},\"query-input\":{\"@type\":\"PropertyValueSpecification\",\"valueRequired\":true,\"valueName\":\"search_term_string\"}}],\"inLanguage\":\"en-US\"},{\"@type\":\"Organization\",\"@id\":\"https:\/\/greenfinance-capital.com\/#organization\",\"name\":\"Green Finance Capital AG\",\"url\":\"https:\/\/greenfinance-capital.com\/\",\"logo\":{\"@type\":\"ImageObject\",\"inLanguage\":\"en-US\",\"@id\":\"https:\/\/greenfinance-capital.com\/#\/schema\/logo\/image\/\",\"url\":\"https:\/\/greenfinance-capital.com\/wp-content\/uploads\/2022\/10\/GF-CapitalMarke_quer.png\",\"contentUrl\":\"https:\/\/greenfinance-capital.com\/wp-content\/uploads\/2022\/10\/GF-CapitalMarke_quer.png\",\"width\":5572,\"height\":1284,\"caption\":\"Green Finance Capital AG\"},\"image\":{\"@id\":\"https:\/\/greenfinance-capital.com\/#\/schema\/logo\/image\/\"}}]}<\/script>\n<!-- \/ Yoast SEO plugin. -->","yoast_head_json":{"title":"Sustainable investment opportunities - Green Finance Capital AG","description":"Sustainable investment opportunities that match the pulse of the times and are associated with opportunities and risks.","robots":{"index":"index","follow":"follow","max-snippet":"max-snippet:-1","max-image-preview":"max-image-preview:large","max-video-preview":"max-video-preview:-1"},"canonical":"https:\/\/greenfinance-capital.com\/en\/sustainable-investment-opportunities\/","og_locale":"en_US","og_type":"article","og_title":"Sustainable investment opportunities - Green Finance Capital AG","og_description":"Sustainable investment opportunities that match the pulse of the times and are associated with opportunities and risks.","og_url":"https:\/\/greenfinance-capital.com\/en\/sustainable-investment-opportunities\/","og_site_name":"Green Finance Capital AG","article_modified_time":"2025-10-28T13:34:22+00:00","twitter_card":"summary_large_image","twitter_misc":{"Est. reading time":"1 minute"},"schema":{"@context":"https:\/\/schema.org","@graph":[{"@type":"WebPage","@id":"https:\/\/greenfinance-capital.com\/en\/sustainable-investment-opportunities\/","url":"https:\/\/greenfinance-capital.com\/en\/sustainable-investment-opportunities\/","name":"Sustainable investment opportunities - Green Finance Capital AG","isPartOf":{"@id":"https:\/\/greenfinance-capital.com\/#website"},"datePublished":"2023-03-15T14:14:39+00:00","dateModified":"2025-10-28T13:34:22+00:00","description":"Sustainable investment opportunities that match the pulse of the times and are associated with opportunities and risks.","inLanguage":"en-US","potentialAction":[{"@type":"ReadAction","target":["https:\/\/greenfinance-capital.com\/en\/sustainable-investment-opportunities\/"]}]},{"@type":"WebSite","@id":"https:\/\/greenfinance-capital.com\/#website","url":"https:\/\/greenfinance-capital.com\/","name":"Green Finance Capital AG","description":"Die Green Finance Capital AG bildet in ihrer Funktion als Management-, Verwaltungs- und Beratungsorgan den soliden Kern der wirtschaftlichen T\u00e4tigkeit rund um die Gesch\u00e4ftsfelder Immobilien, Kapitalanlagen, Finanzierungen, Erneuerbare Energie und Unternehmensberatung.","publisher":{"@id":"https:\/\/greenfinance-capital.com\/#organization"},"potentialAction":[{"@type":"SearchAction","target":{"@type":"EntryPoint","urlTemplate":"https:\/\/greenfinance-capital.com\/?s={search_term_string}"},"query-input":{"@type":"PropertyValueSpecification","valueRequired":true,"valueName":"search_term_string"}}],"inLanguage":"en-US"},{"@type":"Organization","@id":"https:\/\/greenfinance-capital.com\/#organization","name":"Green Finance Capital AG","url":"https:\/\/greenfinance-capital.com\/","logo":{"@type":"ImageObject","inLanguage":"en-US","@id":"https:\/\/greenfinance-capital.com\/#\/schema\/logo\/image\/","url":"https:\/\/greenfinance-capital.com\/wp-content\/uploads\/2022\/10\/GF-CapitalMarke_quer.png","contentUrl":"https:\/\/greenfinance-capital.com\/wp-content\/uploads\/2022\/10\/GF-CapitalMarke_quer.png","width":5572,"height":1284,"caption":"Green Finance Capital AG"},"image":{"@id":"https:\/\/greenfinance-capital.com\/#\/schema\/logo\/image\/"}}]}},"_links":{"self":[{"href":"https:\/\/greenfinance-capital.com\/en\/wp-json\/wp\/v2\/pages\/13097","targetHints":{"allow":["GET"]}}],"collection":[{"href":"https:\/\/greenfinance-capital.com\/en\/wp-json\/wp\/v2\/pages"}],"about":[{"href":"https:\/\/greenfinance-capital.com\/en\/wp-json\/wp\/v2\/types\/page"}],"author":[{"embeddable":true,"href":"https:\/\/greenfinance-capital.com\/en\/wp-json\/wp\/v2\/users\/3"}],"replies":[{"embeddable":true,"href":"https:\/\/greenfinance-capital.com\/en\/wp-json\/wp\/v2\/comments?post=13097"}],"version-history":[{"count":3,"href":"https:\/\/greenfinance-capital.com\/en\/wp-json\/wp\/v2\/pages\/13097\/revisions"}],"predecessor-version":[{"id":29953,"href":"https:\/\/greenfinance-capital.com\/en\/wp-json\/wp\/v2\/pages\/13097\/revisions\/29953"}],"wp:attachment":[{"href":"https:\/\/greenfinance-capital.com\/en\/wp-json\/wp\/v2\/media?parent=13097"}],"curies":[{"name":"wp","href":"https:\/\/api.w.org\/{rel}","templated":true}]}}