{"id":13289,"date":"2023-04-04T06:53:41","date_gmt":"2023-04-04T06:53:41","guid":{"rendered":"https:\/\/greenfinance-capital.com\/current-and-past-public-offers\/kmg-step-up-bond-2021-terms-of-use\/"},"modified":"2025-08-12T09:55:53","modified_gmt":"2025-08-12T09:55:53","slug":"kmg-step-up-bond21-terms-of-use","status":"publish","type":"page","link":"https:\/\/greenfinance-capital.com\/en\/current-and-past-public-offers\/kmg-step-up-bond21-terms-of-use\/","title":{"rendered":"KMG &#8211; STEP-UP Bond 2021 &#8211; Terms of use"},"content":{"rendered":"\t\t<div data-elementor-type=\"wp-page\" data-elementor-id=\"13289\" class=\"elementor elementor-13289 elementor-10874\" data-elementor-post-type=\"page\">\n\t\t\t\t\t\t<section class=\"elementor-section elementor-top-section elementor-element elementor-element-02580b8 elementor-section-height-min-height elementor-section-boxed elementor-section-height-default elementor-section-items-middle\" data-id=\"02580b8\" data-element_type=\"section\" data-settings=\"{&quot;background_background&quot;:&quot;classic&quot;,&quot;shape_divider_bottom_negative&quot;:&quot;yes&quot;,&quot;shape_divider_bottom&quot;:&quot;curve&quot;}\">\n\t\t\t\t\t\t\t<div class=\"elementor-background-overlay\"><\/div>\n\t\t\t\t\t\t<div class=\"elementor-shape elementor-shape-bottom\" aria-hidden=\"true\" data-negative=\"true\">\n\t\t\t<svg xmlns=\"http:\/\/www.w3.org\/2000\/svg\" viewBox=\"0 0 1000 100\" preserveAspectRatio=\"none\">\n\t<path class=\"elementor-shape-fill\" d=\"M500,97C126.7,96.3,0.8,19.8,0,0v100l1000,0V1C1000,19.4,873.3,97.8,500,97z\"\/>\n<\/svg>\t\t<\/div>\n\t\t\t\t\t<div class=\"elementor-container elementor-column-gap-default\">\n\t\t\t\t\t<div class=\"elementor-column elementor-col-100 elementor-top-column elementor-element elementor-element-92bd44f\" data-id=\"92bd44f\" data-element_type=\"column\">\n\t\t\t<div class=\"elementor-widget-wrap elementor-element-populated\">\n\t\t\t\t\t\t<div class=\"elementor-element elementor-element-a77a485 elementor-widget elementor-widget-heading\" data-id=\"a77a485\" data-element_type=\"widget\" data-widget_type=\"heading.default\">\n\t\t\t\t<div class=\"elementor-widget-container\">\n\t\t\t\t\t<h1 class=\"elementor-heading-title elementor-size-default\">Green Finance Bond 8 <br>SUBORDINATED STEP-UP BOND 2021 <\/h1>\t\t\t\t<\/div>\n\t\t\t\t<\/div>\n\t\t\t\t\t<\/div>\n\t\t<\/div>\n\t\t\t\t\t<\/div>\n\t\t<\/section>\n\t\t\t\t<section class=\"elementor-section elementor-top-section elementor-element elementor-element-52beb1a0 elementor-section-boxed elementor-section-height-default elementor-section-height-default\" data-id=\"52beb1a0\" data-element_type=\"section\" data-settings=\"{&quot;background_background&quot;:&quot;classic&quot;}\">\n\t\t\t\t\t\t\t<div class=\"elementor-background-overlay\"><\/div>\n\t\t\t\t\t\t\t<div class=\"elementor-container elementor-column-gap-default\">\n\t\t\t\t\t<div class=\"elementor-column elementor-col-100 elementor-top-column elementor-element elementor-element-7f4aace0\" data-id=\"7f4aace0\" data-element_type=\"column\">\n\t\t\t<div class=\"elementor-widget-wrap elementor-element-populated\">\n\t\t\t\t\t\t<div class=\"elementor-element elementor-element-583ec9f7 elementor-widget elementor-widget-heading\" data-id=\"583ec9f7\" data-element_type=\"widget\" data-widget_type=\"heading.default\">\n\t\t\t\t<div class=\"elementor-widget-container\">\n\t\t\t\t\t<h2 class=\"elementor-heading-title elementor-size-default\">TERMS OF USE<\/h2>\t\t\t\t<\/div>\n\t\t\t\t<\/div>\n\t\t\t\t<div class=\"elementor-element elementor-element-7c0ee227 elementor-widget-divider--view-line elementor-widget elementor-widget-divider\" data-id=\"7c0ee227\" data-element_type=\"widget\" data-widget_type=\"divider.default\">\n\t\t\t\t<div class=\"elementor-widget-container\">\n\t\t\t\t\t\t\t<div class=\"elementor-divider\">\n\t\t\t<span class=\"elementor-divider-separator\">\n\t\t\t\t\t\t<\/span>\n\t\t<\/div>\n\t\t\t\t\t\t<\/div>\n\t\t\t\t<\/div>\n\t\t\t\t<div class=\"elementor-element elementor-element-7957242 elementor-widget elementor-widget-text-editor\" data-id=\"7957242\" data-element_type=\"widget\" data-widget_type=\"text-editor.default\">\n\t\t\t\t<div class=\"elementor-widget-container\">\n\t\t\t\t\t\t\t\t\t<p>Information and documents (the \u201c<strong>Information<\/strong>\u201c) that can be accessed via the following website and via websites linked to this website (together the \u201c<strong>Website<\/strong>\u201c) may only be transmitted to persons who have their registered office, domicile or habitual residence (together the \u201c<strong>Domicile<\/strong>\u201c) in Liechtenstein, Austria, Bulgaria, Croatia, the Czech Republic, Hungary, Germany, Italy, Luxembourg, Poland, Romania, Slovakia, Slovenia or in Switzerland (the \u201c<strong>Offer States<\/strong>\u201c); the Information may not be transmitted or made available to persons who have their Domicile outside one of the Offer States. In particular, the Information may not be transmitted or made available to U.S. persons (\u201c<strong>U.S. Persons<\/strong>\u201d as defined in Regulation S under the United States Securities Act of 1933,<strong>Securities<\/strong> <strong>Act<\/strong>\u201c).<\/p><p>The bonds of the &#8220;<strong>Green Finance Capital AG Subordinated Step-Up Bond 2021<\/strong>&#8221; (the &#8220;<strong>Bonds<\/strong>&#8220;) of Green Finance Capital AG (the &#8220;<strong>Issuer<\/strong>&#8220;) described on the following Website are solely offered to the public in the Offer States. Persons who do not have their Domicile in one of these Offer States are excluded from public offers of the Bonds and will not be addressed. Accordingly, no public offer of Bonds of the Issuer will be made outside the Offer States; therefore, no public offer will be made to U.S. Persons or to persons acting for or on behalf of U.S. Persons or other persons with their Domicile in the U.S. or outside the Offer States.  <\/p><p>Die Informationen auf dieser Internetseite sind daher weder ein Angebot zum Kauf oder Verkauf von Schuldverschreibungen der Emittentin noch eine Einladung zur Abgabe entsprechender Kaufangebote an Personen, die ihren Sitz au\u00dferhalb eines der Angebotsstaaten haben. Die Informationen sind nicht an Personen gerichtet, die ihren Sitz in L\u00e4ndern haben, in denen die \u00dcbermittlung solcher Informationen rechtswidrig w\u00e4re. It is the responsibility of each user of this Website to inform himself about the restrictions applicable to him and to comply with them.  <\/p><p>The Information on this Website may not be distributed outside the Offer States, including, without limitation, in publications or media of general circulation in the United States or in any state that is not an Offer State. The Bonds described on the Website have not been and will not be registered under the Securities Act and may not be offered or sold to any U.S. Person absent registration under the Securities Act or an applicable exemption from the registration requirements of the Securities Act. <\/p><p>Failure to comply with these restrictions may constitute a violation of applicable securities laws. Any offer and sale of Bonds outside any of the Offer States will be made only as a private placement (not subject to registration) and\/or to qualified investors in compliance with all applicable securities laws. <\/p><p>Any offer, purchase or subscription of Bonds of the Issuer is made solely on the basis of the prospectus (\u201c<strong>Prospectus<\/strong>\u201d) approved by the FMA Liechtenstein (\u201cFMA\u201d) on 7 June 2021. The Prospectus has been notified to the competent supervisory authorities in the Offer States (except Liechtenstein and Switzerland)Prospectusand is published on the Issuer\u2019s website(<a href=\"https:\/\/greenfinance-capital.com\/en\/current-and-past-public-offers\/\">https:\/\/www.greenfinance-capital.com\/gfc-bond21\/<\/a>). The Prospectus is available free of chargeas a download under this link and in paper form at the registered office of the Issuer. The Prospectus has been approved in Switzerland in accordance with the Financial Services Act. <\/p><p>The Issuer points out that the approval of the Prospectus by the FMA should not be construed as an endorsement of the Bonds offered or of the Issuer. The Issuer recommends that potential investors read the Prospectus before making any investment decision in order to fully understand the potential risks and rewards of the decision to invest in the Bonds. <\/p><p>The Issuer makes no representation that the Bonds described on this Website are suitable for all investors. Therefore, the Information on this Website should not be construed as a recommendation by the Issuer to subscribe for or otherwise acquire Bonds of the Issuer. The information does not replace investment advice.  <\/p><p>Information is provided by the Issuer without any guarantee that it can be retrieved at any time or that it is suitable for a specific purpose. The information and past performance of bonds do not permit any statements to be made about future performance. The purchase of Bonds of the Issuer and, more generally, of securities or financial instruments involves risks and may, under unfavourable circumstances, result in the partial or total loss of the capital invested as well as any interest and\/or compound interest.  <\/p><p>Users of this Website are solely responsible for analysing the Information available herein and for weighing and assessing the opportunities and risks of an investment in the Issuer&#8217;s Bonds. Before making any investment decision, it is recommended to read the Prospectus and to seek professional advice, taking into account previous experience and knowledge in connection with financial instruments as well as the individual asset and investment situation and the individual risk preference. <\/p><p>In order to be permitted to access the following website, you must confirm,<\/p><p>a) to have read and understood the aforementioned statements,<\/p><p>b) to comply with the restrictions contained therein<\/p><p>c) not to be a U.S. Person (within the meaning of Regulation S under the Securities Act) and not have your Domicile in the U.S. or outside any of the Offer States,<\/p><p>d) neither to act for, nor to communicate Information to, persons located outside any of the Offer States nor to persons who are not permitted to access such Information.<\/p>\t\t\t\t\t\t\t\t<\/div>\n\t\t\t\t<\/div>\n\t\t\t\t\t<\/div>\n\t\t<\/div>\n\t\t\t\t\t<\/div>\n\t\t<\/section>\n\t\t\t\t<section class=\"elementor-section elementor-top-section elementor-element elementor-element-314d0d04 elementor-section-boxed elementor-section-height-default elementor-section-height-default\" data-id=\"314d0d04\" data-element_type=\"section\">\n\t\t\t\t\t\t<div class=\"elementor-container elementor-column-gap-default\">\n\t\t\t\t\t<div class=\"elementor-column elementor-col-50 elementor-top-column elementor-element elementor-element-6ffb39\" data-id=\"6ffb39\" data-element_type=\"column\" data-settings=\"{&quot;background_background&quot;:&quot;classic&quot;}\">\n\t\t\t<div class=\"elementor-widget-wrap elementor-element-populated\">\n\t\t\t\t\t\t<div class=\"elementor-element elementor-element-60859bf elementor-align-center elementor-mobile-align-left elementor-widget elementor-widget-button\" data-id=\"60859bf\" data-element_type=\"widget\" data-widget_type=\"button.default\">\n\t\t\t\t<div class=\"elementor-widget-container\">\n\t\t\t\t\t\t\t\t\t<div class=\"elementor-button-wrapper\">\n\t\t\t\t\t<a class=\"elementor-button elementor-button-link elementor-size-sm\" href=\"https:\/\/greenfinance-capital.com\/en\/current-and-past-public-offers\/kmg-step-up-bond21-terms-of-use\/step-up-bond21-prospectus\/\">\n\t\t\t\t\t\t<span class=\"elementor-button-content-wrapper\">\n\t\t\t\t\t\t\t\t\t<span class=\"elementor-button-text\">I confirm<\/span>\n\t\t\t\t\t<\/span>\n\t\t\t\t\t<\/a>\n\t\t\t\t<\/div>\n\t\t\t\t\t\t\t\t<\/div>\n\t\t\t\t<\/div>\n\t\t\t\t\t<\/div>\n\t\t<\/div>\n\t\t\t\t<div class=\"elementor-column elementor-col-50 elementor-top-column elementor-element elementor-element-b0c6b7a\" data-id=\"b0c6b7a\" data-element_type=\"column\" data-settings=\"{&quot;background_background&quot;:&quot;classic&quot;}\">\n\t\t\t<div class=\"elementor-widget-wrap elementor-element-populated\">\n\t\t\t\t\t\t<div class=\"elementor-element elementor-element-b832a24 elementor-align-center elementor-mobile-align-left elementor-widget elementor-widget-button\" data-id=\"b832a24\" data-element_type=\"widget\" data-widget_type=\"button.default\">\n\t\t\t\t<div class=\"elementor-widget-container\">\n\t\t\t\t\t\t\t\t\t<div class=\"elementor-button-wrapper\">\n\t\t\t\t\t<a class=\"elementor-button elementor-button-link elementor-size-sm\" href=\"https:\/\/greenfinance-capital.com\/en\/current-and-past-public-offers\/\">\n\t\t\t\t\t\t<span class=\"elementor-button-content-wrapper\">\n\t\t\t\t\t\t\t\t\t<span class=\"elementor-button-text\">I do not confirm<\/span>\n\t\t\t\t\t<\/span>\n\t\t\t\t\t<\/a>\n\t\t\t\t<\/div>\n\t\t\t\t\t\t\t\t<\/div>\n\t\t\t\t<\/div>\n\t\t\t\t\t<\/div>\n\t\t<\/div>\n\t\t\t\t\t<\/div>\n\t\t<\/section>\n\t\t\t\t<section class=\"elementor-section elementor-top-section elementor-element elementor-element-636cfe5 elementor-section-full_width elementor-section-height-default elementor-section-height-default\" data-id=\"636cfe5\" data-element_type=\"section\">\n\t\t\t\t\t\t<div class=\"elementor-container elementor-column-gap-default\">\n\t\t\t\t\t<div class=\"elementor-column elementor-col-100 elementor-top-column elementor-element elementor-element-965cd4e\" data-id=\"965cd4e\" data-element_type=\"column\">\n\t\t\t<div class=\"elementor-widget-wrap elementor-element-populated\">\n\t\t\t\t\t\t<div class=\"elementor-element elementor-element-dba15c7 elementor-widget__width-initial elementor-view-default elementor-widget elementor-widget-icon\" data-id=\"dba15c7\" data-element_type=\"widget\" data-widget_type=\"icon.default\">\n\t\t\t\t<div class=\"elementor-widget-container\">\n\t\t\t\t\t\t\t<div class=\"elementor-icon-wrapper\">\n\t\t\t<a class=\"elementor-icon\" href=\"#top\" aria-label=\"Gehe zur\u00fcck nach oben\">\n\t\t\t<i aria-hidden=\"true\" class=\"fas fa-angle-double-up\"><\/i>\t\t\t<\/a>\n\t\t<\/div>\n\t\t\t\t\t\t<\/div>\n\t\t\t\t<\/div>\n\t\t\t\t\t<\/div>\n\t\t<\/div>\n\t\t\t\t\t<\/div>\n\t\t<\/section>\n\t\t\t\t<\/div>\n\t\t","protected":false},"excerpt":{"rendered":"<p>Green Finance Bond 8 SUBORDINATED STEP-UP BOND 2021 TERMS OF USE Information and documents (the \u201cInformation\u201c) that can be accessed via the following website and via websites linked to this website (together the \u201cWebsite\u201c) may only be transmitted to persons who have their registered office, domicile or habitual residence (together the \u201cDomicile\u201c) in Liechtenstein, Austria, [&hellip;]<\/p>\n","protected":false},"author":3,"featured_media":0,"parent":13074,"menu_order":0,"comment_status":"closed","ping_status":"closed","template":"","meta":{"inline_featured_image":false,"footnotes":""},"class_list":["post-13289","page","type-page","status-publish","hentry"],"yoast_head":"<!-- This site is optimized with the Yoast SEO plugin v26.1 - https:\/\/yoast.com\/wordpress\/plugins\/seo\/ -->\n<title>KMG - STEP-UP Bond 2021 - Terms of use - Green Finance Capital AG<\/title>\n<meta name=\"description\" content=\"Green Finance Bond 8 SUBORDINATED STEP-UP BOND 2021 - Terms of use\" \/>\n<meta name=\"robots\" content=\"index, follow, max-snippet:-1, max-image-preview:large, max-video-preview:-1\" \/>\n<link rel=\"canonical\" href=\"https:\/\/greenfinance-capital.com\/angebote-kapitalmarktprospekte\/kmg-eurobond21-nutzungsbedingungen\/\" \/>\n<meta property=\"og:locale\" content=\"en_US\" \/>\n<meta property=\"og:type\" content=\"article\" \/>\n<meta property=\"og:title\" content=\"KMG - STEP-UP Bond 2021 - Terms of use - Green Finance Capital AG\" \/>\n<meta property=\"og:description\" content=\"Green Finance Bond 8 SUBORDINATED STEP-UP BOND 2021 - Terms of use\" \/>\n<meta property=\"og:url\" content=\"https:\/\/greenfinance-capital.com\/angebote-kapitalmarktprospekte\/kmg-eurobond21-nutzungsbedingungen\/\" \/>\n<meta property=\"og:site_name\" content=\"Green Finance Capital AG\" \/>\n<meta property=\"article:modified_time\" content=\"2025-08-12T09:55:53+00:00\" \/>\n<meta name=\"twitter:card\" content=\"summary_large_image\" \/>\n<meta name=\"twitter:label1\" content=\"Est. reading time\" \/>\n\t<meta name=\"twitter:data1\" content=\"5 minutes\" \/>\n<script type=\"application\/ld+json\" class=\"yoast-schema-graph\">{\"@context\":\"https:\/\/schema.org\",\"@graph\":[{\"@type\":\"WebPage\",\"@id\":\"https:\/\/greenfinance-capital.com\/angebote-kapitalmarktprospekte\/kmg-eurobond21-nutzungsbedingungen\/\",\"url\":\"https:\/\/greenfinance-capital.com\/angebote-kapitalmarktprospekte\/kmg-eurobond21-nutzungsbedingungen\/\",\"name\":\"KMG - STEP-UP Bond 2021 - Terms of use - Green Finance Capital AG\",\"isPartOf\":{\"@id\":\"https:\/\/greenfinance-capital.com\/#website\"},\"datePublished\":\"2023-04-04T06:53:41+00:00\",\"dateModified\":\"2025-08-12T09:55:53+00:00\",\"description\":\"Green Finance Bond 8 SUBORDINATED STEP-UP BOND 2021 - Terms of use\",\"breadcrumb\":{\"@id\":\"https:\/\/greenfinance-capital.com\/angebote-kapitalmarktprospekte\/kmg-eurobond21-nutzungsbedingungen\/#breadcrumb\"},\"inLanguage\":\"en-US\",\"potentialAction\":[{\"@type\":\"ReadAction\",\"target\":[\"https:\/\/greenfinance-capital.com\/angebote-kapitalmarktprospekte\/kmg-eurobond21-nutzungsbedingungen\/\"]}]},{\"@type\":\"BreadcrumbList\",\"@id\":\"https:\/\/greenfinance-capital.com\/angebote-kapitalmarktprospekte\/kmg-eurobond21-nutzungsbedingungen\/#breadcrumb\",\"itemListElement\":[{\"@type\":\"ListItem\",\"position\":1,\"name\":\"Current and past public offers\",\"item\":\"https:\/\/greenfinance-capital.com\/angebote-kapitalmarktprospekte\/\"},{\"@type\":\"ListItem\",\"position\":2,\"name\":\"KMG &#8211; STEP-UP Bond 2021 &#8211; Terms of use\"}]},{\"@type\":\"WebSite\",\"@id\":\"https:\/\/greenfinance-capital.com\/#website\",\"url\":\"https:\/\/greenfinance-capital.com\/\",\"name\":\"Green Finance Capital AG\",\"description\":\"Die Green Finance Capital AG bildet in ihrer Funktion als Management-, Verwaltungs- und Beratungsorgan den soliden Kern der wirtschaftlichen T\u00e4tigkeit rund um die Gesch\u00e4ftsfelder Immobilien, Kapitalanlagen, Finanzierungen, Erneuerbare Energie und Unternehmensberatung.\",\"publisher\":{\"@id\":\"https:\/\/greenfinance-capital.com\/#organization\"},\"potentialAction\":[{\"@type\":\"SearchAction\",\"target\":{\"@type\":\"EntryPoint\",\"urlTemplate\":\"https:\/\/greenfinance-capital.com\/?s={search_term_string}\"},\"query-input\":{\"@type\":\"PropertyValueSpecification\",\"valueRequired\":true,\"valueName\":\"search_term_string\"}}],\"inLanguage\":\"en-US\"},{\"@type\":\"Organization\",\"@id\":\"https:\/\/greenfinance-capital.com\/#organization\",\"name\":\"Green Finance Capital AG\",\"url\":\"https:\/\/greenfinance-capital.com\/\",\"logo\":{\"@type\":\"ImageObject\",\"inLanguage\":\"en-US\",\"@id\":\"https:\/\/greenfinance-capital.com\/#\/schema\/logo\/image\/\",\"url\":\"https:\/\/greenfinance-capital.com\/wp-content\/uploads\/2022\/10\/GF-CapitalMarke_quer.png\",\"contentUrl\":\"https:\/\/greenfinance-capital.com\/wp-content\/uploads\/2022\/10\/GF-CapitalMarke_quer.png\",\"width\":5572,\"height\":1284,\"caption\":\"Green Finance Capital AG\"},\"image\":{\"@id\":\"https:\/\/greenfinance-capital.com\/#\/schema\/logo\/image\/\"}}]}<\/script>\n<!-- \/ Yoast SEO plugin. -->","yoast_head_json":{"title":"KMG - STEP-UP Bond 2021 - Terms of use - Green Finance Capital AG","description":"Green Finance Bond 8 SUBORDINATED STEP-UP BOND 2021 - Terms of use","robots":{"index":"index","follow":"follow","max-snippet":"max-snippet:-1","max-image-preview":"max-image-preview:large","max-video-preview":"max-video-preview:-1"},"canonical":"https:\/\/greenfinance-capital.com\/angebote-kapitalmarktprospekte\/kmg-eurobond21-nutzungsbedingungen\/","og_locale":"en_US","og_type":"article","og_title":"KMG - STEP-UP Bond 2021 - Terms of use - Green Finance Capital AG","og_description":"Green Finance Bond 8 SUBORDINATED STEP-UP BOND 2021 - Terms of use","og_url":"https:\/\/greenfinance-capital.com\/angebote-kapitalmarktprospekte\/kmg-eurobond21-nutzungsbedingungen\/","og_site_name":"Green Finance Capital AG","article_modified_time":"2025-08-12T09:55:53+00:00","twitter_card":"summary_large_image","twitter_misc":{"Est. reading time":"5 minutes"},"schema":{"@context":"https:\/\/schema.org","@graph":[{"@type":"WebPage","@id":"https:\/\/greenfinance-capital.com\/angebote-kapitalmarktprospekte\/kmg-eurobond21-nutzungsbedingungen\/","url":"https:\/\/greenfinance-capital.com\/angebote-kapitalmarktprospekte\/kmg-eurobond21-nutzungsbedingungen\/","name":"KMG - STEP-UP Bond 2021 - Terms of use - Green Finance Capital AG","isPartOf":{"@id":"https:\/\/greenfinance-capital.com\/#website"},"datePublished":"2023-04-04T06:53:41+00:00","dateModified":"2025-08-12T09:55:53+00:00","description":"Green Finance Bond 8 SUBORDINATED STEP-UP BOND 2021 - Terms of use","breadcrumb":{"@id":"https:\/\/greenfinance-capital.com\/angebote-kapitalmarktprospekte\/kmg-eurobond21-nutzungsbedingungen\/#breadcrumb"},"inLanguage":"en-US","potentialAction":[{"@type":"ReadAction","target":["https:\/\/greenfinance-capital.com\/angebote-kapitalmarktprospekte\/kmg-eurobond21-nutzungsbedingungen\/"]}]},{"@type":"BreadcrumbList","@id":"https:\/\/greenfinance-capital.com\/angebote-kapitalmarktprospekte\/kmg-eurobond21-nutzungsbedingungen\/#breadcrumb","itemListElement":[{"@type":"ListItem","position":1,"name":"Current and past public offers","item":"https:\/\/greenfinance-capital.com\/angebote-kapitalmarktprospekte\/"},{"@type":"ListItem","position":2,"name":"KMG &#8211; STEP-UP Bond 2021 &#8211; Terms of use"}]},{"@type":"WebSite","@id":"https:\/\/greenfinance-capital.com\/#website","url":"https:\/\/greenfinance-capital.com\/","name":"Green Finance Capital AG","description":"Die Green Finance Capital AG bildet in ihrer Funktion als Management-, Verwaltungs- und Beratungsorgan den soliden Kern der wirtschaftlichen T\u00e4tigkeit rund um die Gesch\u00e4ftsfelder Immobilien, Kapitalanlagen, Finanzierungen, Erneuerbare Energie und Unternehmensberatung.","publisher":{"@id":"https:\/\/greenfinance-capital.com\/#organization"},"potentialAction":[{"@type":"SearchAction","target":{"@type":"EntryPoint","urlTemplate":"https:\/\/greenfinance-capital.com\/?s={search_term_string}"},"query-input":{"@type":"PropertyValueSpecification","valueRequired":true,"valueName":"search_term_string"}}],"inLanguage":"en-US"},{"@type":"Organization","@id":"https:\/\/greenfinance-capital.com\/#organization","name":"Green Finance Capital AG","url":"https:\/\/greenfinance-capital.com\/","logo":{"@type":"ImageObject","inLanguage":"en-US","@id":"https:\/\/greenfinance-capital.com\/#\/schema\/logo\/image\/","url":"https:\/\/greenfinance-capital.com\/wp-content\/uploads\/2022\/10\/GF-CapitalMarke_quer.png","contentUrl":"https:\/\/greenfinance-capital.com\/wp-content\/uploads\/2022\/10\/GF-CapitalMarke_quer.png","width":5572,"height":1284,"caption":"Green Finance Capital AG"},"image":{"@id":"https:\/\/greenfinance-capital.com\/#\/schema\/logo\/image\/"}}]}},"_links":{"self":[{"href":"https:\/\/greenfinance-capital.com\/en\/wp-json\/wp\/v2\/pages\/13289","targetHints":{"allow":["GET"]}}],"collection":[{"href":"https:\/\/greenfinance-capital.com\/en\/wp-json\/wp\/v2\/pages"}],"about":[{"href":"https:\/\/greenfinance-capital.com\/en\/wp-json\/wp\/v2\/types\/page"}],"author":[{"embeddable":true,"href":"https:\/\/greenfinance-capital.com\/en\/wp-json\/wp\/v2\/users\/3"}],"replies":[{"embeddable":true,"href":"https:\/\/greenfinance-capital.com\/en\/wp-json\/wp\/v2\/comments?post=13289"}],"version-history":[{"count":0,"href":"https:\/\/greenfinance-capital.com\/en\/wp-json\/wp\/v2\/pages\/13289\/revisions"}],"up":[{"embeddable":true,"href":"https:\/\/greenfinance-capital.com\/en\/wp-json\/wp\/v2\/pages\/13074"}],"wp:attachment":[{"href":"https:\/\/greenfinance-capital.com\/en\/wp-json\/wp\/v2\/media?parent=13289"}],"curies":[{"name":"wp","href":"https:\/\/api.w.org\/{rel}","templated":true}]}}