{"id":29074,"date":"2025-05-28T10:38:51","date_gmt":"2025-05-28T10:38:51","guid":{"rendered":"https:\/\/greenfinance-capital.com\/green-finance-chf-bond-30-100k-disclaimer-memorandum\/"},"modified":"2025-08-19T07:06:03","modified_gmt":"2025-08-19T07:06:03","slug":"green-finance-chf-bond-30-100k-disclaimer-memorandum","status":"publish","type":"page","link":"https:\/\/greenfinance-capital.com\/en\/green-finance-chf-bond-30-100k\/green-finance-chf-bond-30-100k-disclaimer-memorandum\/","title":{"rendered":"GREEN FINANCE CHF BOND 30 \/ 100k Disclaimer Memorandum"},"content":{"rendered":"\t\t<div data-elementor-type=\"wp-page\" data-elementor-id=\"29074\" class=\"elementor elementor-29074 elementor-28362\" data-elementor-post-type=\"page\">\n\t\t\t\t\t\t<section class=\"elementor-section elementor-top-section elementor-element elementor-element-f019b17 elementor-section-height-min-height elementor-section-boxed elementor-section-height-default elementor-section-items-middle\" data-id=\"f019b17\" data-element_type=\"section\" data-settings=\"{&quot;background_background&quot;:&quot;classic&quot;,&quot;shape_divider_bottom_negative&quot;:&quot;yes&quot;,&quot;shape_divider_bottom&quot;:&quot;curve&quot;}\">\n\t\t\t\t\t\t\t<div class=\"elementor-background-overlay\"><\/div>\n\t\t\t\t\t\t<div class=\"elementor-shape elementor-shape-bottom\" aria-hidden=\"true\" data-negative=\"true\">\n\t\t\t<svg xmlns=\"http:\/\/www.w3.org\/2000\/svg\" viewBox=\"0 0 1000 100\" preserveAspectRatio=\"none\">\n\t<path class=\"elementor-shape-fill\" d=\"M500,97C126.7,96.3,0.8,19.8,0,0v100l1000,0V1C1000,19.4,873.3,97.8,500,97z\"\/>\n<\/svg>\t\t<\/div>\n\t\t\t\t\t<div class=\"elementor-container elementor-column-gap-default\">\n\t\t\t\t\t<div class=\"elementor-column elementor-col-100 elementor-top-column elementor-element elementor-element-0f8c141\" data-id=\"0f8c141\" data-element_type=\"column\">\n\t\t\t<div class=\"elementor-widget-wrap elementor-element-populated\">\n\t\t\t\t\t\t<div class=\"elementor-element elementor-element-de06365 elementor-widget elementor-widget-heading\" data-id=\"de06365\" data-element_type=\"widget\" data-widget_type=\"heading.default\">\n\t\t\t\t<div class=\"elementor-widget-container\">\n\t\t\t\t\t<h1 class=\"elementor-heading-title elementor-size-default\">GREEN FINANCE CAPITAL AG <br>CHF BOND 2025 - 2030\/100k<\/h1>\t\t\t\t<\/div>\n\t\t\t\t<\/div>\n\t\t\t\t\t<\/div>\n\t\t<\/div>\n\t\t\t\t\t<\/div>\n\t\t<\/section>\n\t\t\t\t<section class=\"elementor-section elementor-top-section elementor-element elementor-element-a7747e6 elementor-section-boxed elementor-section-height-default elementor-section-height-default\" data-id=\"a7747e6\" data-element_type=\"section\" data-settings=\"{&quot;background_background&quot;:&quot;classic&quot;}\">\n\t\t\t\t\t\t\t<div class=\"elementor-background-overlay\"><\/div>\n\t\t\t\t\t\t\t<div class=\"elementor-container elementor-column-gap-default\">\n\t\t\t\t\t<div class=\"elementor-column elementor-col-100 elementor-top-column elementor-element elementor-element-52a6de7\" data-id=\"52a6de7\" data-element_type=\"column\">\n\t\t\t<div class=\"elementor-widget-wrap elementor-element-populated\">\n\t\t\t\t\t\t<div class=\"elementor-element elementor-element-f02b277 elementor-widget elementor-widget-heading\" data-id=\"f02b277\" data-element_type=\"widget\" data-widget_type=\"heading.default\">\n\t\t\t\t<div class=\"elementor-widget-container\">\n\t\t\t\t\t<h2 class=\"elementor-heading-title elementor-size-default\">Disclaimer<\/h2>\t\t\t\t<\/div>\n\t\t\t\t<\/div>\n\t\t\t\t<div class=\"elementor-element elementor-element-61b0348 elementor-widget-divider--view-line elementor-widget elementor-widget-divider\" data-id=\"61b0348\" data-element_type=\"widget\" data-widget_type=\"divider.default\">\n\t\t\t\t<div class=\"elementor-widget-container\">\n\t\t\t\t\t\t\t<div class=\"elementor-divider\">\n\t\t\t<span class=\"elementor-divider-separator\">\n\t\t\t\t\t\t<\/span>\n\t\t<\/div>\n\t\t\t\t\t\t<\/div>\n\t\t\t\t<\/div>\n\t\t\t\t<div class=\"elementor-element elementor-element-b186941 elementor-widget elementor-widget-text-editor\" data-id=\"b186941\" data-element_type=\"widget\" data-widget_type=\"text-editor.default\">\n\t\t\t\t<div class=\"elementor-widget-container\">\n\t\t\t\t\t\t\t\t\t<p class=\"H-RechtStandard\">Information and documents (the \u201c<strong>Information<\/strong>\u201c) that can be accessed via the following website and via websites linked to this website (together the \u201c<strong>Website<\/strong>\u201c) may only be transmitted to persons who have their registered office, domicile or habitual residence (together the \u201c<strong>Domicile<\/strong>\u201c) in Switzerland (the \u201c<strong>Offer State<\/strong>\u201c); the Information may not be transmitted or made available to persons who have their Domicile outside of the Offer State. In particular, the Information may not be transmitted or made available to U.S. persons (\u201c<strong>U.S. Persons<\/strong>\u201d as defined in Regulation S under the United States Securities Act of 1933, \u201c<strong>Securities Act<\/strong>\u201d). <\/p>\t\t\t\t\t\t\t\t<\/div>\n\t\t\t\t<\/div>\n\t\t\t\t<div class=\"elementor-element elementor-element-685f386 elementor-widget elementor-widget-text-editor\" data-id=\"685f386\" data-element_type=\"widget\" data-widget_type=\"text-editor.default\">\n\t\t\t\t<div class=\"elementor-widget-container\">\n\t\t\t\t\t\t\t\t\t<p>The bonds of the \u201c<strong>Green Finance Capital AG CHF Bond 2025-2030\/100k<\/strong>\u201d (the \u201c<strong>Bonds<\/strong>\u201c) of Green Finance Capital AG (the \u201c<strong>Issuer<\/strong>\u201c) described on the following Website are solely offered to the public in the Offer State. Persons who do not have their Domicile in the Offer State are excluded from public offers of the Bonds and will not be addressed. Accordingly, no public offer of Bonds of the Issuer will be made outside the Offer State; therefore, no public offer will be made to U.S. Persons or to persons acting for or on behalf of U.S. Persons or other persons with their Domicile in the U.S. or outside the Offer State.  <\/p>\t\t\t\t\t\t\t\t<\/div>\n\t\t\t\t<\/div>\n\t\t\t\t<div class=\"elementor-element elementor-element-c2744e2 elementor-widget elementor-widget-text-editor\" data-id=\"c2744e2\" data-element_type=\"widget\" data-widget_type=\"text-editor.default\">\n\t\t\t\t<div class=\"elementor-widget-container\">\n\t\t\t\t\t\t\t\t\t<p>Die Informationen auf dieser Website stellen weder ein Angebot zum Kauf oder Verkauf von Anleihen noch eine Aufforderung zur Abgabe eines Kaufangebots an Personen au\u00dferhalb der Angebotsstaaten dar. Die Informationen sind nicht an Personen gerichtet, die ihren Sitz in L\u00e4ndern haben, in denen die \u00dcbermittlung solcher Informationen rechtswidrig w\u00e4re.  It is the responsibility of each user of this Website to inform himself about the restrictions applicable to him and to comply with them.<\/p>\t\t\t\t\t\t\t\t<\/div>\n\t\t\t\t<\/div>\n\t\t\t\t<div class=\"elementor-element elementor-element-23cc210 elementor-widget elementor-widget-text-editor\" data-id=\"23cc210\" data-element_type=\"widget\" data-widget_type=\"text-editor.default\">\n\t\t\t\t<div class=\"elementor-widget-container\">\n\t\t\t\t\t\t\t\t\t<p class=\"H-RechtStandard\">The Information on this Website may not be distributed outside the Offer State, including, without limitation, in publications or media of general circulation in the United States or in any state that is not the Offer State. The Bonds described on the Website have not been and will not be registered under the Securities Act and may not be offered or sold to any U.S. Person absent registration under the Securities Act or an applicable exemption from the registration requirements of the Securities Act. <\/p>\t\t\t\t\t\t\t\t<\/div>\n\t\t\t\t<\/div>\n\t\t\t\t<div class=\"elementor-element elementor-element-2758e9d elementor-widget elementor-widget-text-editor\" data-id=\"2758e9d\" data-element_type=\"widget\" data-widget_type=\"text-editor.default\">\n\t\t\t\t<div class=\"elementor-widget-container\">\n\t\t\t\t\t\t\t\t\t<p class=\"H-RechtStandard\">Failure to comply with these restrictions may constitute a violation of applicable securities laws.<\/p>\t\t\t\t\t\t\t\t<\/div>\n\t\t\t\t<\/div>\n\t\t\t\t<div class=\"elementor-element elementor-element-c8d3a4a elementor-widget elementor-widget-text-editor\" data-id=\"c8d3a4a\" data-element_type=\"widget\" data-widget_type=\"text-editor.default\">\n\t\t\t\t<div class=\"elementor-widget-container\">\n\t\t\t\t\t\t\t\t\t<p class=\"H-RechtStandard\">An offer, purchase or subscription of Bonds of the Issuer is made exclusively on the basis of the Investment Memorandum. The Investment Memorandum has been published on the Issuer&#8217;s website (<a href=\"https:\/\/greenfinance-capital.com\/en\/green-finance-chf-bond-30-100k\/\">https:\/\/greenfinance-capital.com\/chf-bond-30-100k\/<\/a>) and is available for download free of charge at this link. The publication of a securities prospectus is not required due to the exemption provisions of Art 1 para 4 lit d of the Prospectus Regulation (Regulation (EU) 2017\/1129) and Art 36 para 1 lit c of the Swiss Financial Instruments Market Act (FinSA). The Issuer has also not prepared a prospectus on a voluntary basis.    It is expressly pointed out that the Investment Memorandum is not an approved prospectus within the meaning of the Prospectus Regulation or the FIDLEG and was therefore not subject to review by a supervisory authority.<\/p>\t\t\t\t\t\t\t\t<\/div>\n\t\t\t\t<\/div>\n\t\t\t\t<div class=\"elementor-element elementor-element-2ca482b elementor-widget elementor-widget-text-editor\" data-id=\"2ca482b\" data-element_type=\"widget\" data-widget_type=\"text-editor.default\">\n\t\t\t\t<div class=\"elementor-widget-container\">\n\t\t\t\t\t\t\t\t\t<p>The Issuer recommends that potential investors read the Investment Memorandum before making an investment decision in order to fully understand the potential risks and rewards of deciding to invest in the Bonds.<\/p>\t\t\t\t\t\t\t\t<\/div>\n\t\t\t\t<\/div>\n\t\t\t\t<div class=\"elementor-element elementor-element-5245588 elementor-widget elementor-widget-text-editor\" data-id=\"5245588\" data-element_type=\"widget\" data-widget_type=\"text-editor.default\">\n\t\t\t\t<div class=\"elementor-widget-container\">\n\t\t\t\t\t\t\t\t\t<p>Die Emittentin \u00fcbernimmt keine Gew\u00e4hr daf\u00fcr, dass die auf dieser Internetseite beschriebenen Anleihen f\u00fcr alle Investoren als Anlage geeignet sind. Daher sind die Informationen auf dieser Internetseite nicht als Anlageempfehlung seitens der Emittentin zu verstehen, Anleihen der Emittentin zu zeichnen oder anderweitig zu erwerben.  The information does not replace investment advice.<\/p>\t\t\t\t\t\t\t\t<\/div>\n\t\t\t\t<\/div>\n\t\t\t\t<div class=\"elementor-element elementor-element-8e84e02 elementor-widget elementor-widget-text-editor\" data-id=\"8e84e02\" data-element_type=\"widget\" data-widget_type=\"text-editor.default\">\n\t\t\t\t<div class=\"elementor-widget-container\">\n\t\t\t\t\t\t\t\t\t<p>Information is provided by the Issuer without any guarantee that it can be retrieved at any time or that it is suitable for a specific purpose. Information is provided by the Issuer without any guarantee that it can be retrieved at any time or that it is suitable for a specific purpose. <strong>The Information and past performance of the Bonds are not indicative of future performance. The purchase of Bonds of the Issuer involves severe risks and may result in the <span style=\"text-decoration: underline;\">partial or total loss<\/span> of the invested capital, as well as the interest and the compound interest.<\/strong> <\/p>\t\t\t\t\t\t\t\t<\/div>\n\t\t\t\t<\/div>\n\t\t\t\t<div class=\"elementor-element elementor-element-7098e38 elementor-widget elementor-widget-text-editor\" data-id=\"7098e38\" data-element_type=\"widget\" data-widget_type=\"text-editor.default\">\n\t\t\t\t<div class=\"elementor-widget-container\">\n\t\t\t\t\t\t\t\t\t<p>Users of this website are solely responsible for analyzing the information available here and for weighing up and evaluating the opportunities and risks of an investment in the Issuer\u2019s bonds. Before making any investment decision, it is recommended that you read the Investment Memorandum and seek professional advice, taking into account your previous experience and knowledge of financial instruments, your individual financial and investment situation and your individual risk appetite. <\/p>\t\t\t\t\t\t\t\t<\/div>\n\t\t\t\t<\/div>\n\t\t\t\t<div class=\"elementor-element elementor-element-2a5c41d elementor-widget elementor-widget-text-editor\" data-id=\"2a5c41d\" data-element_type=\"widget\" data-widget_type=\"text-editor.default\">\n\t\t\t\t<div class=\"elementor-widget-container\">\n\t\t\t\t\t\t\t\t\t<p>In order to be permitted to access the following website, you must confirm,<\/p><ol><li>to have read and understood the aforementioned statements,<\/li><li>to comply with the restrictions contained therein<\/li><li>not to be a U.S. Person (within the meaning of Regulation S under the Securities Act) and not have your Domicile in the U.S. or outside of the Offer State,<\/li><li>neither to act for, nor to communicate Information to, persons located outside of the Offer State nor to persons who are not permitted to access such Information.<\/li><\/ol>\t\t\t\t\t\t\t\t<\/div>\n\t\t\t\t<\/div>\n\t\t\t\t\t<\/div>\n\t\t<\/div>\n\t\t\t\t\t<\/div>\n\t\t<\/section>\n\t\t\t\t<section class=\"elementor-section elementor-top-section elementor-element elementor-element-2072d6b elementor-section-boxed elementor-section-height-default elementor-section-height-default\" data-id=\"2072d6b\" data-element_type=\"section\">\n\t\t\t\t\t\t<div class=\"elementor-container elementor-column-gap-default\">\n\t\t\t\t\t<div class=\"elementor-column elementor-col-50 elementor-top-column elementor-element elementor-element-cfea1c2\" data-id=\"cfea1c2\" data-element_type=\"column\" data-settings=\"{&quot;background_background&quot;:&quot;classic&quot;}\">\n\t\t\t<div class=\"elementor-widget-wrap elementor-element-populated\">\n\t\t\t\t\t\t<div class=\"elementor-element elementor-element-b2ef92c elementor-align-center elementor-mobile-align-left elementor-widget elementor-widget-button\" data-id=\"b2ef92c\" data-element_type=\"widget\" data-widget_type=\"button.default\">\n\t\t\t\t<div class=\"elementor-widget-container\">\n\t\t\t\t\t\t\t\t\t<div class=\"elementor-button-wrapper\">\n\t\t\t\t\t<a class=\"elementor-button elementor-button-link elementor-size-sm\" href=\"https:\/\/greenfinance-capital.com\/chf-bond-30-100k\/investment-memorandum\/\" target=\"_blank\" rel=\"nofollow\">\n\t\t\t\t\t\t<span class=\"elementor-button-content-wrapper\">\n\t\t\t\t\t\t\t\t\t<span class=\"elementor-button-text\">I confirm<\/span>\n\t\t\t\t\t<\/span>\n\t\t\t\t\t<\/a>\n\t\t\t\t<\/div>\n\t\t\t\t\t\t\t\t<\/div>\n\t\t\t\t<\/div>\n\t\t\t\t\t<\/div>\n\t\t<\/div>\n\t\t\t\t<div class=\"elementor-column elementor-col-50 elementor-top-column elementor-element elementor-element-d58f7c0\" data-id=\"d58f7c0\" data-element_type=\"column\" data-settings=\"{&quot;background_background&quot;:&quot;classic&quot;}\">\n\t\t\t<div class=\"elementor-widget-wrap elementor-element-populated\">\n\t\t\t\t\t\t<div class=\"elementor-element elementor-element-017408d elementor-align-center elementor-mobile-align-left elementor-widget elementor-widget-button\" data-id=\"017408d\" data-element_type=\"widget\" data-widget_type=\"button.default\">\n\t\t\t\t<div class=\"elementor-widget-container\">\n\t\t\t\t\t\t\t\t\t<div class=\"elementor-button-wrapper\">\n\t\t\t\t\t<a class=\"elementor-button elementor-button-link elementor-size-sm\" href=\"https:\/\/greenfinance-capital.com\/en\/green-finance-chf-bond-30-100k\/\">\n\t\t\t\t\t\t<span class=\"elementor-button-content-wrapper\">\n\t\t\t\t\t\t\t\t\t<span class=\"elementor-button-text\">I do not confirm<\/span>\n\t\t\t\t\t<\/span>\n\t\t\t\t\t<\/a>\n\t\t\t\t<\/div>\n\t\t\t\t\t\t\t\t<\/div>\n\t\t\t\t<\/div>\n\t\t\t\t\t<\/div>\n\t\t<\/div>\n\t\t\t\t\t<\/div>\n\t\t<\/section>\n\t\t\t\t<section class=\"elementor-section elementor-top-section elementor-element elementor-element-a487d6b elementor-section-full_width elementor-section-height-default elementor-section-height-default\" data-id=\"a487d6b\" data-element_type=\"section\">\n\t\t\t\t\t\t<div class=\"elementor-container elementor-column-gap-default\">\n\t\t\t\t\t<div class=\"elementor-column elementor-col-100 elementor-top-column elementor-element elementor-element-af99e4b\" data-id=\"af99e4b\" data-element_type=\"column\">\n\t\t\t<div class=\"elementor-widget-wrap elementor-element-populated\">\n\t\t\t\t\t\t<div class=\"elementor-element elementor-element-6a0bffc elementor-widget__width-initial elementor-view-default elementor-widget elementor-widget-icon\" data-id=\"6a0bffc\" data-element_type=\"widget\" data-widget_type=\"icon.default\">\n\t\t\t\t<div class=\"elementor-widget-container\">\n\t\t\t\t\t\t\t<div class=\"elementor-icon-wrapper\">\n\t\t\t<a class=\"elementor-icon\" href=\"#top\" aria-label=\"Gehe zur\u00fcck nach oben\">\n\t\t\t<i aria-hidden=\"true\" class=\"fas fa-angle-double-up\"><\/i>\t\t\t<\/a>\n\t\t<\/div>\n\t\t\t\t\t\t<\/div>\n\t\t\t\t<\/div>\n\t\t\t\t\t<\/div>\n\t\t<\/div>\n\t\t\t\t\t<\/div>\n\t\t<\/section>\n\t\t\t\t<\/div>\n\t\t","protected":false},"excerpt":{"rendered":"<p>GREEN FINANCE CAPITAL AG CHF BOND 2025 &#8211; 2030\/100k Disclaimer Information and documents (the \u201cInformation\u201c) that can be accessed via the following website and via websites linked to this website (together the \u201cWebsite\u201c) may only be transmitted to persons who have their registered office, domicile or habitual residence (together the \u201cDomicile\u201c) in Switzerland (the \u201cOffer [&hellip;]<\/p>\n","protected":false},"author":3,"featured_media":0,"parent":29193,"menu_order":0,"comment_status":"closed","ping_status":"closed","template":"","meta":{"inline_featured_image":false,"footnotes":""},"class_list":["post-29074","page","type-page","status-publish","hentry"],"yoast_head":"<!-- This site is optimized with the Yoast SEO plugin v26.1 - https:\/\/yoast.com\/wordpress\/plugins\/seo\/ -->\n<title>GREEN FINANCE CHF BOND 30 \/ 100k Disclaimer Memorandum - Green Finance Capital AG<\/title>\n<meta name=\"robots\" content=\"noindex, nofollow\" \/>\n<meta property=\"og:locale\" content=\"en_US\" \/>\n<meta property=\"og:type\" content=\"article\" \/>\n<meta property=\"og:title\" content=\"GREEN FINANCE CHF BOND 30 \/ 100k Disclaimer Memorandum - Green Finance Capital AG\" \/>\n<meta property=\"og:description\" content=\"GREEN FINANCE CAPITAL AG CHF BOND 2025 &#8211; 2030\/100k Disclaimer Information and documents (the \u201cInformation\u201c) that can be accessed via the following website and via websites linked to this website (together the \u201cWebsite\u201c) may only be transmitted to persons who have their registered office, domicile or habitual residence (together the \u201cDomicile\u201c) in Switzerland (the \u201cOffer [&hellip;]\" \/>\n<meta property=\"og:url\" content=\"https:\/\/greenfinance-capital.com\/chf-bond-30-100k\/disclaimer-memorandum\/\" \/>\n<meta property=\"og:site_name\" content=\"Green Finance Capital AG\" \/>\n<meta property=\"article:modified_time\" content=\"2025-08-19T07:06:03+00:00\" \/>\n<meta name=\"twitter:card\" content=\"summary_large_image\" \/>\n<meta name=\"twitter:label1\" content=\"Est. reading time\" \/>\n\t<meta name=\"twitter:data1\" content=\"4 minutes\" \/>\n<script type=\"application\/ld+json\" class=\"yoast-schema-graph\">{\"@context\":\"https:\/\/schema.org\",\"@graph\":[{\"@type\":\"WebPage\",\"@id\":\"https:\/\/greenfinance-capital.com\/chf-bond-30-100k\/disclaimer-memorandum\/\",\"url\":\"https:\/\/greenfinance-capital.com\/chf-bond-30-100k\/disclaimer-memorandum\/\",\"name\":\"GREEN FINANCE CHF BOND 30 \/ 100k Disclaimer Memorandum - Green Finance Capital AG\",\"isPartOf\":{\"@id\":\"https:\/\/greenfinance-capital.com\/#website\"},\"datePublished\":\"2025-05-28T10:38:51+00:00\",\"dateModified\":\"2025-08-19T07:06:03+00:00\",\"breadcrumb\":{\"@id\":\"https:\/\/greenfinance-capital.com\/chf-bond-30-100k\/disclaimer-memorandum\/#breadcrumb\"},\"inLanguage\":\"en-US\",\"potentialAction\":[{\"@type\":\"ReadAction\",\"target\":[\"https:\/\/greenfinance-capital.com\/chf-bond-30-100k\/disclaimer-memorandum\/\"]}]},{\"@type\":\"BreadcrumbList\",\"@id\":\"https:\/\/greenfinance-capital.com\/chf-bond-30-100k\/disclaimer-memorandum\/#breadcrumb\",\"itemListElement\":[{\"@type\":\"ListItem\",\"position\":1,\"name\":\"GREEN FINANCE CHF BOND 30 \/ 100k\",\"item\":\"https:\/\/greenfinance-capital.com\/chf-bond-30-100k\/\"},{\"@type\":\"ListItem\",\"position\":2,\"name\":\"GREEN FINANCE CHF BOND 30 \/ 100k Disclaimer Memorandum\"}]},{\"@type\":\"WebSite\",\"@id\":\"https:\/\/greenfinance-capital.com\/#website\",\"url\":\"https:\/\/greenfinance-capital.com\/\",\"name\":\"Green Finance Capital AG\",\"description\":\"Die Green Finance Capital AG bildet in ihrer Funktion als Management-, Verwaltungs- und Beratungsorgan den soliden Kern der wirtschaftlichen T\u00e4tigkeit rund um die Gesch\u00e4ftsfelder Immobilien, Kapitalanlagen, Finanzierungen, Erneuerbare Energie und Unternehmensberatung.\",\"publisher\":{\"@id\":\"https:\/\/greenfinance-capital.com\/#organization\"},\"potentialAction\":[{\"@type\":\"SearchAction\",\"target\":{\"@type\":\"EntryPoint\",\"urlTemplate\":\"https:\/\/greenfinance-capital.com\/?s={search_term_string}\"},\"query-input\":{\"@type\":\"PropertyValueSpecification\",\"valueRequired\":true,\"valueName\":\"search_term_string\"}}],\"inLanguage\":\"en-US\"},{\"@type\":\"Organization\",\"@id\":\"https:\/\/greenfinance-capital.com\/#organization\",\"name\":\"Green Finance Capital AG\",\"url\":\"https:\/\/greenfinance-capital.com\/\",\"logo\":{\"@type\":\"ImageObject\",\"inLanguage\":\"en-US\",\"@id\":\"https:\/\/greenfinance-capital.com\/#\/schema\/logo\/image\/\",\"url\":\"https:\/\/greenfinance-capital.com\/wp-content\/uploads\/2022\/10\/GF-CapitalMarke_quer.png\",\"contentUrl\":\"https:\/\/greenfinance-capital.com\/wp-content\/uploads\/2022\/10\/GF-CapitalMarke_quer.png\",\"width\":5572,\"height\":1284,\"caption\":\"Green Finance Capital AG\"},\"image\":{\"@id\":\"https:\/\/greenfinance-capital.com\/#\/schema\/logo\/image\/\"}}]}<\/script>\n<!-- \/ Yoast SEO plugin. -->","yoast_head_json":{"title":"GREEN FINANCE CHF BOND 30 \/ 100k Disclaimer Memorandum - Green Finance Capital AG","robots":{"index":"noindex","follow":"nofollow"},"og_locale":"en_US","og_type":"article","og_title":"GREEN FINANCE CHF BOND 30 \/ 100k Disclaimer Memorandum - Green Finance Capital AG","og_description":"GREEN FINANCE CAPITAL AG CHF BOND 2025 &#8211; 2030\/100k Disclaimer Information and documents (the \u201cInformation\u201c) that can be accessed via the following website and via websites linked to this website (together the \u201cWebsite\u201c) may only be transmitted to persons who have their registered office, domicile or habitual residence (together the \u201cDomicile\u201c) in Switzerland (the \u201cOffer [&hellip;]","og_url":"https:\/\/greenfinance-capital.com\/chf-bond-30-100k\/disclaimer-memorandum\/","og_site_name":"Green Finance Capital AG","article_modified_time":"2025-08-19T07:06:03+00:00","twitter_card":"summary_large_image","twitter_misc":{"Est. reading time":"4 minutes"},"schema":{"@context":"https:\/\/schema.org","@graph":[{"@type":"WebPage","@id":"https:\/\/greenfinance-capital.com\/chf-bond-30-100k\/disclaimer-memorandum\/","url":"https:\/\/greenfinance-capital.com\/chf-bond-30-100k\/disclaimer-memorandum\/","name":"GREEN FINANCE CHF BOND 30 \/ 100k Disclaimer Memorandum - Green Finance Capital AG","isPartOf":{"@id":"https:\/\/greenfinance-capital.com\/#website"},"datePublished":"2025-05-28T10:38:51+00:00","dateModified":"2025-08-19T07:06:03+00:00","breadcrumb":{"@id":"https:\/\/greenfinance-capital.com\/chf-bond-30-100k\/disclaimer-memorandum\/#breadcrumb"},"inLanguage":"en-US","potentialAction":[{"@type":"ReadAction","target":["https:\/\/greenfinance-capital.com\/chf-bond-30-100k\/disclaimer-memorandum\/"]}]},{"@type":"BreadcrumbList","@id":"https:\/\/greenfinance-capital.com\/chf-bond-30-100k\/disclaimer-memorandum\/#breadcrumb","itemListElement":[{"@type":"ListItem","position":1,"name":"GREEN FINANCE CHF BOND 30 \/ 100k","item":"https:\/\/greenfinance-capital.com\/chf-bond-30-100k\/"},{"@type":"ListItem","position":2,"name":"GREEN FINANCE CHF BOND 30 \/ 100k Disclaimer Memorandum"}]},{"@type":"WebSite","@id":"https:\/\/greenfinance-capital.com\/#website","url":"https:\/\/greenfinance-capital.com\/","name":"Green Finance Capital AG","description":"Die Green Finance Capital AG bildet in ihrer Funktion als Management-, Verwaltungs- und Beratungsorgan den soliden Kern der wirtschaftlichen T\u00e4tigkeit rund um die Gesch\u00e4ftsfelder Immobilien, Kapitalanlagen, Finanzierungen, Erneuerbare Energie und Unternehmensberatung.","publisher":{"@id":"https:\/\/greenfinance-capital.com\/#organization"},"potentialAction":[{"@type":"SearchAction","target":{"@type":"EntryPoint","urlTemplate":"https:\/\/greenfinance-capital.com\/?s={search_term_string}"},"query-input":{"@type":"PropertyValueSpecification","valueRequired":true,"valueName":"search_term_string"}}],"inLanguage":"en-US"},{"@type":"Organization","@id":"https:\/\/greenfinance-capital.com\/#organization","name":"Green Finance Capital AG","url":"https:\/\/greenfinance-capital.com\/","logo":{"@type":"ImageObject","inLanguage":"en-US","@id":"https:\/\/greenfinance-capital.com\/#\/schema\/logo\/image\/","url":"https:\/\/greenfinance-capital.com\/wp-content\/uploads\/2022\/10\/GF-CapitalMarke_quer.png","contentUrl":"https:\/\/greenfinance-capital.com\/wp-content\/uploads\/2022\/10\/GF-CapitalMarke_quer.png","width":5572,"height":1284,"caption":"Green Finance Capital AG"},"image":{"@id":"https:\/\/greenfinance-capital.com\/#\/schema\/logo\/image\/"}}]}},"_links":{"self":[{"href":"https:\/\/greenfinance-capital.com\/en\/wp-json\/wp\/v2\/pages\/29074","targetHints":{"allow":["GET"]}}],"collection":[{"href":"https:\/\/greenfinance-capital.com\/en\/wp-json\/wp\/v2\/pages"}],"about":[{"href":"https:\/\/greenfinance-capital.com\/en\/wp-json\/wp\/v2\/types\/page"}],"author":[{"embeddable":true,"href":"https:\/\/greenfinance-capital.com\/en\/wp-json\/wp\/v2\/users\/3"}],"replies":[{"embeddable":true,"href":"https:\/\/greenfinance-capital.com\/en\/wp-json\/wp\/v2\/comments?post=29074"}],"version-history":[{"count":2,"href":"https:\/\/greenfinance-capital.com\/en\/wp-json\/wp\/v2\/pages\/29074\/revisions"}],"predecessor-version":[{"id":29839,"href":"https:\/\/greenfinance-capital.com\/en\/wp-json\/wp\/v2\/pages\/29074\/revisions\/29839"}],"up":[{"embeddable":true,"href":"https:\/\/greenfinance-capital.com\/en\/wp-json\/wp\/v2\/pages\/29193"}],"wp:attachment":[{"href":"https:\/\/greenfinance-capital.com\/en\/wp-json\/wp\/v2\/media?parent=29074"}],"curies":[{"name":"wp","href":"https:\/\/api.w.org\/{rel}","templated":true}]}}